{"id":151,"date":"2025-02-19T10:38:57","date_gmt":"2025-02-19T09:38:57","guid":{"rendered":"https:\/\/www.pelinecoachsopk.com\/?page_id=151"},"modified":"2025-02-19T10:38:57","modified_gmt":"2025-02-19T09:38:57","slug":"seance-dessai","status":"publish","type":"page","link":"https:\/\/www.pelinecoachsopk.com\/?page_id=151","title":{"rendered":"S\u00e9ance d&rsquo;Essai"},"content":{"rendered":"\n<p>Si tu souhaites d&rsquo;abord me rencontrer et conna\u00eetre ma m\u00e9thode de travail, c&rsquo;est tout \u00e0 fait possible!<br><br>La s\u00e9ance d&rsquo;essai est pour justement qu&rsquo;on discute de ton parcours, tes probl\u00e9matiques et tes objectifs. <br><br>Tu prends ta d\u00e9cision suite \u00e0 cette s\u00e9ance : tu souhaites vivre mieux avec ton SOPK et te sentir \u00e0 l&rsquo;aise dans ton corps gr\u00e2ce \u00e0 ma m\u00e9thode de sport ou tu souhaites continuer \u00e0 te sentir perdue avec ta pathologie? <br><br>Je pense que tu connais la r\u00e9ponse! =) <\/p>\n\n\n\n<p>Cette s\u00e9ance co\u00fbte 15\u20ac et est d\u00e9ductible si nous commen\u00e7ons \u00e0 travailler ensemble dans le m\u00eame mois que la s\u00e9ance d&rsquo;essai. <\/p>\n\n\n\n<p><\/p>\n\n\n\n<p>Voici le lien pour r\u00e9server ta s\u00e9ance d&rsquo;essai: <\/p>\n\n\n\n<p><a href=\"https:\/\/calendly.com\/pelinecoachsopk\/seance-d-essai\">https:\/\/calendly.com\/pelinecoachsopk\/seance-d-essai<\/a><\/p>\n\n\n\n<p><\/p>\n","protected":false},"excerpt":{"rendered":"<p>Si tu souhaites d&rsquo;abord me rencontrer et conna\u00eetre ma m\u00e9thode de travail, c&rsquo;est tout \u00e0 fait possible! La s\u00e9ance d&rsquo;essai est pour justement qu&rsquo;on discute de ton parcours, tes probl\u00e9matiques et tes objectifs. Tu prends ta d\u00e9cision suite \u00e0 cette s\u00e9ance : tu souhaites vivre mieux avec ton SOPK et te sentir \u00e0 l&rsquo;aise dans [&hellip;]<\/p>\n","protected":false},"author":1,"featured_media":0,"parent":0,"menu_order":0,"comment_status":"closed","ping_status":"closed","template":"","meta":{"footnotes":""},"class_list":["post-151","page","type-page","status-publish","hentry"],"_links":{"self":[{"href":"https:\/\/www.pelinecoachsopk.com\/index.php?rest_route=\/wp\/v2\/pages\/151","targetHints":{"allow":["GET"]}}],"collection":[{"href":"https:\/\/www.pelinecoachsopk.com\/index.php?rest_route=\/wp\/v2\/pages"}],"about":[{"href":"https:\/\/www.pelinecoachsopk.com\/index.php?rest_route=\/wp\/v2\/types\/page"}],"author":[{"embeddable":true,"href":"https:\/\/www.pelinecoachsopk.com\/index.php?rest_route=\/wp\/v2\/users\/1"}],"replies":[{"embeddable":true,"href":"https:\/\/www.pelinecoachsopk.com\/index.php?rest_route=%2Fwp%2Fv2%2Fcomments&post=151"}],"version-history":[{"count":1,"href":"https:\/\/www.pelinecoachsopk.com\/index.php?rest_route=\/wp\/v2\/pages\/151\/revisions"}],"predecessor-version":[{"id":152,"href":"https:\/\/www.pelinecoachsopk.com\/index.php?rest_route=\/wp\/v2\/pages\/151\/revisions\/152"}],"wp:attachment":[{"href":"https:\/\/www.pelinecoachsopk.com\/index.php?rest_route=%2Fwp%2Fv2%2Fmedia&parent=151"}],"curies":[{"name":"wp","href":"https:\/\/api.w.org\/{rel}","templated":true}]}}