{"id":156,"date":"2025-02-19T11:50:07","date_gmt":"2025-02-19T10:50:07","guid":{"rendered":"https:\/\/www.pelinecoachsopk.com\/?page_id=156"},"modified":"2025-12-31T15:19:11","modified_gmt":"2025-12-31T14:19:11","slug":"coaching-en-ligne","status":"publish","type":"page","link":"https:\/\/www.pelinecoachsopk.com\/?page_id=156","title":{"rendered":"Coaching en Ligne"},"content":{"rendered":"\n<figure class=\"wp-block-image\"><img loading=\"lazy\" decoding=\"async\" width=\"2560\" height=\"1709\" src=\"https:\/\/www.pelinecoachsopk.com\/wp-content\/uploads\/2025\/12\/Peline-portrait-pro-66-scaled.jpg\" alt=\"\" class=\"wp-image-198\" srcset=\"https:\/\/www.pelinecoachsopk.com\/wp-content\/uploads\/2025\/12\/Peline-portrait-pro-66-scaled.jpg 2560w, https:\/\/www.pelinecoachsopk.com\/wp-content\/uploads\/2025\/12\/Peline-portrait-pro-66-300x200.jpg 300w, https:\/\/www.pelinecoachsopk.com\/wp-content\/uploads\/2025\/12\/Peline-portrait-pro-66-1024x684.jpg 1024w, https:\/\/www.pelinecoachsopk.com\/wp-content\/uploads\/2025\/12\/Peline-portrait-pro-66-768x513.jpg 768w, https:\/\/www.pelinecoachsopk.com\/wp-content\/uploads\/2025\/12\/Peline-portrait-pro-66-1536x1025.jpg 1536w, https:\/\/www.pelinecoachsopk.com\/wp-content\/uploads\/2025\/12\/Peline-portrait-pro-66-2048x1367.jpg 2048w, https:\/\/www.pelinecoachsopk.com\/wp-content\/uploads\/2025\/12\/Peline-portrait-pro-66-600x401.jpg 600w\" sizes=\"auto, (max-width: 2560px) 100vw, 2560px\" \/><\/figure>\n\n\n\n<p>Si tu souhaites que je sois avec toi tout au long de la s\u00e9ance pour que je puisse te motiver et corriger, c&rsquo;est tout \u00e0 fait possible!<\/p>\n\n\n\n<p>Je t&rsquo;envoie un lien d&rsquo;invitation sur Google Meet avant chaque s\u00e9ance et tout est pr\u00eat!<\/p>\n\n\n\n<p>Tu n&rsquo;as qu&rsquo;\u00e0 installer ton cam\u00e9ra pour que je puisse te voir correctement et c&rsquo;est parti pour une s\u00e9ance de 30 minutes ou 45 minutes en fonction de ton budget et de tes disponibilit\u00e9s!<br><br>On d\u00e9cide tout cela ensemble lors de ta <a href=\"https:\/\/www.pelinecoachsopk.com\/?page_id=151\">s\u00e9ance d&rsquo;essai<\/a> ! <\/p>\n\n\n\n<p>Les tarifs jusqu&rsquo;au 31 janvier 2026 :<\/p>\n\n\n\n<p>30 minutes &#8211; <strong>50\u20ac<\/strong>*<\/p>\n\n\n\n<p>45 minutes &#8211; <strong>60\u20ac<\/strong>*<\/p>\n\n\n\n<p>*<em>Les tarifs risquent de changer \u00e0 chaque fois qu&rsquo;il y a une mise \u00e0 jour dans mes offres. Puisque j&rsquo;ajoute souvent des nouveaut\u00e9s, les tarifs \u00e9voluent en fonction.<\/em><\/p>\n\n\n\n<p><em>Les paiements se font au mois avec un engagement de 6 mois.<\/em> <\/p>\n\n\n\n<p><strong>Ex:<\/strong> Si tu prends une s\u00e9ance de 30 minutes par semaine, nous allons partir du principe qu&rsquo;il y aura 4 s\u00e9ances par mois. Tu vas signer le contrat pour 24 s\u00e9ances. Et tu vas payer 200\u20ac par mois, pendant 6 mois.<\/p>\n\n\n\n<p><\/p>\n\n\n\n<p><strong>BONUS<\/strong><\/p>\n\n\n\n<p>3 s\u00e9ances de bilan qui dure 45 minutes sont offertes. Cela nous permet d&rsquo;\u00e9valuer ton progr\u00e8s et de d\u00e9cider les choses qu&rsquo;il faut am\u00e9liorer et\/ou r\u00e9ajuster ! <\/p>\n\n\n\n<p><\/p>\n","protected":false},"excerpt":{"rendered":"<p>Si tu souhaites que je sois avec toi tout au long de la s\u00e9ance pour que je puisse te motiver et corriger, c&rsquo;est tout \u00e0 fait possible! Je t&rsquo;envoie un lien d&rsquo;invitation sur Google Meet avant chaque s\u00e9ance et tout est pr\u00eat! Tu n&rsquo;as qu&rsquo;\u00e0 installer ton cam\u00e9ra pour que je puisse te voir correctement [&hellip;]<\/p>\n","protected":false},"author":1,"featured_media":0,"parent":0,"menu_order":0,"comment_status":"closed","ping_status":"closed","template":"","meta":{"footnotes":""},"class_list":["post-156","page","type-page","status-publish","hentry"],"_links":{"self":[{"href":"https:\/\/www.pelinecoachsopk.com\/index.php?rest_route=\/wp\/v2\/pages\/156","targetHints":{"allow":["GET"]}}],"collection":[{"href":"https:\/\/www.pelinecoachsopk.com\/index.php?rest_route=\/wp\/v2\/pages"}],"about":[{"href":"https:\/\/www.pelinecoachsopk.com\/index.php?rest_route=\/wp\/v2\/types\/page"}],"author":[{"embeddable":true,"href":"https:\/\/www.pelinecoachsopk.com\/index.php?rest_route=\/wp\/v2\/users\/1"}],"replies":[{"embeddable":true,"href":"https:\/\/www.pelinecoachsopk.com\/index.php?rest_route=%2Fwp%2Fv2%2Fcomments&post=156"}],"version-history":[{"count":6,"href":"https:\/\/www.pelinecoachsopk.com\/index.php?rest_route=\/wp\/v2\/pages\/156\/revisions"}],"predecessor-version":[{"id":200,"href":"https:\/\/www.pelinecoachsopk.com\/index.php?rest_route=\/wp\/v2\/pages\/156\/revisions\/200"}],"wp:attachment":[{"href":"https:\/\/www.pelinecoachsopk.com\/index.php?rest_route=%2Fwp%2Fv2%2Fmedia&parent=156"}],"curies":[{"name":"wp","href":"https:\/\/api.w.org\/{rel}","templated":true}]}}