{"id":159,"date":"2025-02-19T14:59:59","date_gmt":"2025-02-19T13:59:59","guid":{"rendered":"https:\/\/www.pelinecoachsopk.com\/?page_id=159"},"modified":"2025-03-28T14:16:24","modified_gmt":"2025-03-28T13:16:24","slug":"ovairebook","status":"publish","type":"page","link":"https:\/\/www.pelinecoachsopk.com\/?page_id=159","title":{"rendered":"Ovairebook"},"content":{"rendered":"\n<p>Voici mon blog, cr\u00e9\u00e9 pour informer les femmes atteintes du SOPK sur la meilleure fa\u00e7on d\u2019adapter leur activit\u00e9 physique \u00e0 leur pathologie. <\/p>\n\n\n\n<figure class=\"wp-block-embed is-type-wp-embed is-provider-p-line-coach-sopk wp-block-embed-p-line-coach-sopk\"><div class=\"wp-block-embed__wrapper\">\n<blockquote class=\"wp-embedded-content\" data-secret=\"m8xD2KeYVD\"><a href=\"https:\/\/www.pelinecoachsopk.com\/?page_id=163\">Le Syndrome des Ovaires Polykystiques (SOPK)<\/a><\/blockquote><iframe loading=\"lazy\" class=\"wp-embedded-content\" sandbox=\"allow-scripts\" security=\"restricted\" style=\"position: absolute; visibility: hidden;\" title=\"\u00ab\u00a0Le Syndrome des Ovaires Polykystiques (SOPK)\u00a0\u00bb &#8212; P\u00e9line Coach SOPK\" src=\"https:\/\/www.pelinecoachsopk.com\/?page_id=163&#038;embed=true#?secret=IKR9Oasr5b#?secret=m8xD2KeYVD\" data-secret=\"m8xD2KeYVD\" width=\"500\" height=\"282\" frameborder=\"0\" marginwidth=\"0\" marginheight=\"0\" scrolling=\"no\"><\/iframe>\n<\/div><\/figure>\n\n\n\n<p><\/p>\n","protected":false},"excerpt":{"rendered":"<p>Voici mon blog, cr\u00e9\u00e9 pour informer les femmes atteintes du SOPK sur la meilleure fa\u00e7on d\u2019adapter leur activit\u00e9 physique \u00e0 leur pathologie.<\/p>\n","protected":false},"author":1,"featured_media":0,"parent":0,"menu_order":0,"comment_status":"closed","ping_status":"closed","template":"","meta":{"footnotes":""},"class_list":["post-159","page","type-page","status-publish","hentry"],"_links":{"self":[{"href":"https:\/\/www.pelinecoachsopk.com\/index.php?rest_route=\/wp\/v2\/pages\/159","targetHints":{"allow":["GET"]}}],"collection":[{"href":"https:\/\/www.pelinecoachsopk.com\/index.php?rest_route=\/wp\/v2\/pages"}],"about":[{"href":"https:\/\/www.pelinecoachsopk.com\/index.php?rest_route=\/wp\/v2\/types\/page"}],"author":[{"embeddable":true,"href":"https:\/\/www.pelinecoachsopk.com\/index.php?rest_route=\/wp\/v2\/users\/1"}],"replies":[{"embeddable":true,"href":"https:\/\/www.pelinecoachsopk.com\/index.php?rest_route=%2Fwp%2Fv2%2Fcomments&post=159"}],"version-history":[{"count":3,"href":"https:\/\/www.pelinecoachsopk.com\/index.php?rest_route=\/wp\/v2\/pages\/159\/revisions"}],"predecessor-version":[{"id":176,"href":"https:\/\/www.pelinecoachsopk.com\/index.php?rest_route=\/wp\/v2\/pages\/159\/revisions\/176"}],"wp:attachment":[{"href":"https:\/\/www.pelinecoachsopk.com\/index.php?rest_route=%2Fwp%2Fv2%2Fmedia&parent=159"}],"curies":[{"name":"wp","href":"https:\/\/api.w.org\/{rel}","templated":true}]}}