{"id":77,"date":"2024-12-15T15:03:29","date_gmt":"2024-12-15T14:03:29","guid":{"rendered":"https:\/\/www.pelinecoachsopk.com\/?page_id=77"},"modified":"2025-08-26T14:06:28","modified_gmt":"2025-08-26T12:06:28","slug":"qui-suis-je","status":"publish","type":"page","link":"https:\/\/www.pelinecoachsopk.com\/?page_id=77","title":{"rendered":"Qui suis-je ?"},"content":{"rendered":"\n<div class=\"wp-block-group is-nowrap is-layout-flex wp-container-core-group-is-layout-6c531013 wp-block-group-is-layout-flex\">\n<figure class=\"wp-block-image size-large\"><img loading=\"lazy\" decoding=\"async\" width=\"1024\" height=\"684\" src=\"https:\/\/www.pelinecoachsopk.com\/wp-content\/uploads\/2024\/12\/Peline-portrait-pro-56-1024x684.jpeg\" alt=\"\" class=\"wp-image-78\" srcset=\"https:\/\/www.pelinecoachsopk.com\/wp-content\/uploads\/2024\/12\/Peline-portrait-pro-56-1024x684.jpeg 1024w, https:\/\/www.pelinecoachsopk.com\/wp-content\/uploads\/2024\/12\/Peline-portrait-pro-56-300x200.jpeg 300w, https:\/\/www.pelinecoachsopk.com\/wp-content\/uploads\/2024\/12\/Peline-portrait-pro-56-768x513.jpeg 768w, https:\/\/www.pelinecoachsopk.com\/wp-content\/uploads\/2024\/12\/Peline-portrait-pro-56-1536x1025.jpeg 1536w, https:\/\/www.pelinecoachsopk.com\/wp-content\/uploads\/2024\/12\/Peline-portrait-pro-56-600x401.jpeg 600w, https:\/\/www.pelinecoachsopk.com\/wp-content\/uploads\/2024\/12\/Peline-portrait-pro-56.jpeg 2000w\" sizes=\"auto, (max-width: 1024px) 100vw, 1024px\" \/><\/figure>\n\n\n\n<p>Je m\u2019appelle P\u00e9line, coach sportive sp\u00e9cialis\u00e9e dans le Syndrome des ovaires polykystiques (SOPK).<\/p>\n<\/div>\n\n\n\n<p>Je suis \u00e9galement atteinte de SOPK, ce qui fait que je connais parfaitement tes probl\u00e9matiques li\u00e9es \u00e0 cette pathologie mais pas que&nbsp;!<\/p>\n\n\n\n<p><strong>Je te connais d\u00e9j\u00e0<\/strong><\/p>\n\n\n\n<p>En raison de cette pathologie, je suis pass\u00e9 par toutes les erreurs que tu as probablement d\u00e9j\u00e0 faites. J\u2019ai pris du poids, j\u2019ai fait des r\u00e9gimes restrictifs, j\u2019ai perdu du poids avant de reprendre le double que j\u2019ai perdu, j\u2019ai pleur\u00e9, j\u2019ai rigol\u00e9, j\u2019ai d\u00e9test\u00e9 mon corps, j\u2019ai d\u00e9test\u00e9 cette pathologie\u2026<\/p>\n\n\n\n<p>Mais enfin, aujourd\u2019hui je suis l\u00e0 avec toutes ces exp\u00e9riences, en toute confiance en moi et en mon corps, ma joie et ma tr\u00e8s grande envie de te transmettre le go\u00fbt du mouvement&nbsp;!<\/p>\n\n\n\n<p><strong>Je te comprends&nbsp;<\/strong><\/p>\n\n\n\n<p>En tant qu\u2019une femme atteinte de SOPK, je sais tr\u00e8s bien qu\u2019il n\u2019est pas facile de perdre du poids. C\u2019est lent et long. Et je sais aussi que c\u2019est incompr\u00e9hensible pour les personnes qui ne connaissent pas la pathologie, y compris pour les coachs sportifs.<\/p>\n\n\n\n<p>Je sais que tu as d\u00e9j\u00e0 \u00e9t\u00e9 oblig\u00e9e d\u2019expliquer ta situation \u00e0 milles professionnels diff\u00e9rents et tu ne t\u2019es pas sentie comprise. Mais aujourd\u2019hui, on finit avec cela&nbsp;! Tu es l\u00e0, en train de lire ce texte. Alors tu sais d\u00e9j\u00e0 que tu vas \u00eatre comprise, entendue et accompagn\u00e9e quel que soit ta probl\u00e9matique, ton besoin et ton objectif.<\/p>\n\n\n\n<p>Si on r\u00e9capitule, que tu sois atteinte de SOPK ou non, toutes les femmes ayant v\u00e9cu un probl\u00e8me de poids, fait des yoyo toute sa vie, je vous comprends et suis l\u00e0 pour vous donner toutes les cl\u00e9s afin de vous amener vers une vie plus sereine&nbsp;avec votre corps gr\u00e2ce \u00e0 la magie du sport&nbsp;!<\/p>\n\n\n\n<p><strong>Le SOPK et ma vision du sport<\/strong><\/p>\n\n\n\n<p>Nous ne pouvons pas d\u00e9duire le SOPK \u00e0 une question de poids. Il existe pleins d\u2019autres sympt\u00f4mes qui viennent avec cette pathologie. En dehors de la question du poids caus\u00e9e par la r\u00e9sistance \u00e0 l\u2019insuline, la pilosit\u00e9, l\u2019anxi\u00e9t\u00e9, la chute de cheveux, les troubles du sommeil, l\u2019irr\u00e9gularit\u00e9 (voire l\u2019absence) des r\u00e8gles, l&rsquo;infertilit\u00e9, les sauts d\u2019humeur, la thyro\u00efde, la d\u00e9pression font partie des sympt\u00f4mes.<\/p>\n\n\n\n<p>Il n\u2019existe aucun traitement curatif \u00e0 ce jour. De ce fait, la prise en charge de SOPK se concentre sur le contr\u00f4le des sympt\u00f4mes autrement dit le but principal est de les att\u00e9nuer pour aider ces femmes \u00e0 apprendre \u00e0 vivre avec le SOPK.<\/p>\n\n\n\n<p>Cette prise en charge passe par une hygi\u00e8ne de vie saine donc une alimentation \u00e9quilibr\u00e9e et une activit\u00e9 physique r\u00e9guli\u00e8re.<\/p>\n\n\n\n<p>Autrement dit, ce sont des efforts que nous devons faire \u00e0 vie donc ce n\u2019est pas un r\u00e9gime X \u00e0 suivre quelques mois avant d\u2019arr\u00eater tout.<\/p>\n\n\n\n<p>Si tu veux pratiquer le sport sans que ce soit uniquement li\u00e9 \u00e0 la perte de poids, et que tu souhaites qu\u2019il devienne une partie de ta vie pour ta sant\u00e9 et ton bien-\u00eatre, alors tu es au bon endroit, bienvenue !<br><br>Tu peux r\u00e9server ta <a href=\"https:\/\/www.pelinecoachsopk.com\/?page_id=151\">s\u00e9ance d&rsquo;essai<\/a> pour qu&rsquo;on puisse faire connaissance et qu&rsquo;on d\u00e9cide ensemble comment je pourrais t&rsquo;accompagner au mieux ! <\/p>\n\n\n\n<p><\/p>\n","protected":false},"excerpt":{"rendered":"<p>Je m\u2019appelle P\u00e9line, coach sportive sp\u00e9cialis\u00e9e dans le Syndrome des ovaires polykystiques (SOPK). Je suis \u00e9galement atteinte de SOPK, ce qui fait que je connais parfaitement tes probl\u00e9matiques li\u00e9es \u00e0 cette pathologie mais pas que&nbsp;! Je te connais d\u00e9j\u00e0 En raison de cette pathologie, je suis pass\u00e9 par toutes les erreurs que tu as probablement [&hellip;]<\/p>\n","protected":false},"author":1,"featured_media":0,"parent":0,"menu_order":0,"comment_status":"closed","ping_status":"closed","template":"","meta":{"footnotes":""},"class_list":["post-77","page","type-page","status-publish","hentry"],"_links":{"self":[{"href":"https:\/\/www.pelinecoachsopk.com\/index.php?rest_route=\/wp\/v2\/pages\/77","targetHints":{"allow":["GET"]}}],"collection":[{"href":"https:\/\/www.pelinecoachsopk.com\/index.php?rest_route=\/wp\/v2\/pages"}],"about":[{"href":"https:\/\/www.pelinecoachsopk.com\/index.php?rest_route=\/wp\/v2\/types\/page"}],"author":[{"embeddable":true,"href":"https:\/\/www.pelinecoachsopk.com\/index.php?rest_route=\/wp\/v2\/users\/1"}],"replies":[{"embeddable":true,"href":"https:\/\/www.pelinecoachsopk.com\/index.php?rest_route=%2Fwp%2Fv2%2Fcomments&post=77"}],"version-history":[{"count":5,"href":"https:\/\/www.pelinecoachsopk.com\/index.php?rest_route=\/wp\/v2\/pages\/77\/revisions"}],"predecessor-version":[{"id":182,"href":"https:\/\/www.pelinecoachsopk.com\/index.php?rest_route=\/wp\/v2\/pages\/77\/revisions\/182"}],"wp:attachment":[{"href":"https:\/\/www.pelinecoachsopk.com\/index.php?rest_route=%2Fwp%2Fv2%2Fmedia&parent=77"}],"curies":[{"name":"wp","href":"https:\/\/api.w.org\/{rel}","templated":true}]}}