{"id":88,"date":"2024-12-15T16:08:22","date_gmt":"2024-12-15T15:08:22","guid":{"rendered":"https:\/\/www.pelinecoachsopk.com\/?page_id=88"},"modified":"2025-12-31T15:14:17","modified_gmt":"2025-12-31T14:14:17","slug":"programme-sur-mesure","status":"publish","type":"page","link":"https:\/\/www.pelinecoachsopk.com\/?page_id=88","title":{"rendered":"Les Ovaires en Forme"},"content":{"rendered":"\n<div class=\"wp-block-group is-nowrap is-layout-flex wp-container-core-group-is-layout-6c531013 wp-block-group-is-layout-flex\">\n<h2 class=\"wp-block-heading has-text-align-right\">Un programme de sport sur mesure, pour t&rsquo;aider \u00e0 mieux g\u00e9rer ton SOPK<\/h2>\n\n\n\n<figure class=\"wp-block-gallery has-nested-images columns-default is-cropped wp-block-gallery-3 is-layout-flex wp-block-gallery-is-layout-flex\">\n<figure class=\"wp-block-image size-large is-style-rounded wp-duotone-unset-2 is-style-rounded--1\"><img loading=\"lazy\" decoding=\"async\" width=\"1024\" height=\"1024\" data-id=\"90\" src=\"https:\/\/www.pelinecoachsopk.com\/wp-content\/uploads\/2024\/12\/photo-1024x1024.png\" alt=\"\" class=\"wp-image-90\" srcset=\"https:\/\/www.pelinecoachsopk.com\/wp-content\/uploads\/2024\/12\/photo-1024x1024.png 1024w, https:\/\/www.pelinecoachsopk.com\/wp-content\/uploads\/2024\/12\/photo-300x300.png 300w, https:\/\/www.pelinecoachsopk.com\/wp-content\/uploads\/2024\/12\/photo-150x150.png 150w, https:\/\/www.pelinecoachsopk.com\/wp-content\/uploads\/2024\/12\/photo-768x768.png 768w, https:\/\/www.pelinecoachsopk.com\/wp-content\/uploads\/2024\/12\/photo-1536x1536.png 1536w, https:\/\/www.pelinecoachsopk.com\/wp-content\/uploads\/2024\/12\/photo-600x600.png 600w, https:\/\/www.pelinecoachsopk.com\/wp-content\/uploads\/2024\/12\/photo-100x100.png 100w, https:\/\/www.pelinecoachsopk.com\/wp-content\/uploads\/2024\/12\/photo.png 1969w\" sizes=\"auto, (max-width: 1024px) 100vw, 1024px\" \/><\/figure>\n<\/figure>\n<\/div>\n\n\n\n<h2 class=\"wp-block-heading has-text-align-center is-style-default has-background-color has-secondary-background-color has-text-color has-background has-link-color has-large-font-size wp-elements-bd3e022a0dd5b1834632812092202a69\" style=\"margin-top:var(--wp--preset--spacing--20);margin-right:var(--wp--preset--spacing--10);margin-bottom:var(--wp--preset--spacing--20);margin-left:var(--wp--preset--spacing--10);line-height:0\">Tu es atteinte de SOPK?<\/h2>\n\n\n\n<p><\/p>\n\n\n\n<p><strong>Tu veux enfin commencer \u00e0 vivre mieux avec ton SOPK ?<\/strong><\/p>\n\n\n\n<p>&nbsp;\ud83d\udc49 Tu sais que l&rsquo;activit\u00e9 physique joue un r\u00f4le crucial dans la prise en charge du SOPK<br>&nbsp;\ud83d\udc49 Tu ne sais pas par o\u00f9 commencer<br>&nbsp;\ud83d\udc49 Tu n&rsquo;arrives pas \u00e0 \u00eatre r\u00e9guli\u00e8re au sport<\/p>\n\n\n\n<p><strong>Tu es au bon endroit !&nbsp;&nbsp;<\/strong><\/p>\n\n\n\n<p>Je suis coach sportive, \u00e9galement atteinte de SOPK, et je connais donc de pr\u00e8s&nbsp;cette pathologie et ses probl\u00e9matiques.<\/p>\n\n\n\n<p>En tant qu&rsquo;ancienne digital marketer, je sais aussi&nbsp;le mode de vie impos\u00e9e par les m\u00e9tiers s\u00e9dentaires.&nbsp;<strong><\/strong><\/p>\n\n\n\n<p><strong>Pr\u00eate ? On commence !&nbsp;<\/strong><\/p>\n\n\n\n<div style=\"height:30px\" aria-hidden=\"true\" class=\"wp-block-spacer\"><\/div>\n\n\n\n<div class=\"wp-block-buttons is-content-justification-center is-layout-flex wp-container-core-buttons-is-layout-a89b3969 wp-block-buttons-is-layout-flex\">\n<div class=\"wp-block-button\"><a class=\"wp-block-button__link wp-element-button\" href=\"https:\/\/calendly.com\/pelinecoachsopk\/seance-d-essai\">Je veux \u00eatre r\u00e9guli\u00e8re au sport <\/a><\/div>\n<\/div>\n\n\n\n<div style=\"height:30px\" aria-hidden=\"true\" class=\"wp-block-spacer\"><\/div>\n\n\n\n<div class=\"wp-block-columns alignwide is-layout-flex wp-container-core-columns-is-layout-28f84493 wp-block-columns-is-layout-flex\">\n<div class=\"wp-block-column is-vertically-aligned-center is-layout-flow wp-block-column-is-layout-flow\" style=\"flex-basis:33.33%\">\n<figure class=\"wp-block-image aligncenter size-full is-resized\"><img loading=\"lazy\" decoding=\"async\" width=\"202\" height=\"202\" src=\"https:\/\/www.pelinecoachsopk.com\/wp-content\/uploads\/2024\/12\/icone-balance.png\" alt=\"\" class=\"wp-image-91\" style=\"object-fit:cover;width:101px;height:101px\" srcset=\"https:\/\/www.pelinecoachsopk.com\/wp-content\/uploads\/2024\/12\/icone-balance.png 202w, https:\/\/www.pelinecoachsopk.com\/wp-content\/uploads\/2024\/12\/icone-balance-150x150.png 150w, https:\/\/www.pelinecoachsopk.com\/wp-content\/uploads\/2024\/12\/icone-balance-100x100.png 100w\" sizes=\"auto, (max-width: 202px) 100vw, 202px\" \/><\/figure>\n<\/div>\n\n\n\n<div class=\"wp-block-column is-layout-flow wp-block-column-is-layout-flow\" style=\"flex-basis:66.66%\">\n<p class=\"has-large-font-size\" style=\"margin-top:0;margin-right:0;margin-bottom:0;margin-left:0\"><strong>Perte de poids difficile?<\/strong><\/p>\n\n\n\n<p>La perte de poids est une vraie probl\u00e9matique dans le cas de SOPK. Tout le corps m\u00e9dical te pr\u00e9conise de perdre de poids alors que ce n&rsquo;est pas simple. Tu te sens perdue? Je suis l\u00e0 en tant que coach sportive, \u00e9galement atteinte de SOPK.<\/p>\n\n\n\n<p><\/p>\n<\/div>\n<\/div>\n\n\n\n<div class=\"wp-block-columns alignwide is-layout-flex wp-container-core-columns-is-layout-28f84493 wp-block-columns-is-layout-flex\">\n<div class=\"wp-block-column is-vertically-aligned-center is-layout-flow wp-block-column-is-layout-flow\" style=\"flex-basis:33.33%\">\n<figure class=\"wp-block-image aligncenter size-full is-resized\"><img loading=\"lazy\" decoding=\"async\" width=\"202\" height=\"202\" src=\"https:\/\/www.pelinecoachsopk.com\/wp-content\/uploads\/2024\/12\/sleepy-icon.png\" alt=\"\" class=\"wp-image-92\" style=\"object-fit:cover;width:101px;height:101px\" srcset=\"https:\/\/www.pelinecoachsopk.com\/wp-content\/uploads\/2024\/12\/sleepy-icon.png 202w, https:\/\/www.pelinecoachsopk.com\/wp-content\/uploads\/2024\/12\/sleepy-icon-150x150.png 150w, https:\/\/www.pelinecoachsopk.com\/wp-content\/uploads\/2024\/12\/sleepy-icon-100x100.png 100w\" sizes=\"auto, (max-width: 202px) 100vw, 202px\" \/><\/figure>\n<\/div>\n\n\n\n<div class=\"wp-block-column is-layout-flow wp-block-column-is-layout-flow\" style=\"flex-basis:66.66%\">\n<p class=\"has-large-font-size\"><strong><strong>Fatigue Chronique<\/strong><\/strong><\/p>\n\n\n\n<p>Tu te sens fatigu\u00e9e tr\u00e8s souvent ? Tu souffres d&rsquo;une mauvaise qualit\u00e9 de sommeil ?&nbsp;C&rsquo;est tr\u00e8s commun en cas de SOPK. Sais-tu qu&rsquo;il est possible de booster son \u00e9nergie gr\u00e2ce au sport?<\/p>\n\n\n\n<p><\/p>\n<\/div>\n<\/div>\n\n\n\n<div class=\"wp-block-columns alignwide is-layout-flex wp-container-core-columns-is-layout-28f84493 wp-block-columns-is-layout-flex\">\n<div class=\"wp-block-column is-vertically-aligned-center is-layout-flow wp-block-column-is-layout-flow\" style=\"flex-basis:33.33%\">\n<figure class=\"wp-block-image aligncenter size-full is-resized\"><img loading=\"lazy\" decoding=\"async\" width=\"202\" height=\"202\" src=\"https:\/\/www.pelinecoachsopk.com\/wp-content\/uploads\/2024\/12\/icone-bien.png\" alt=\"\" class=\"wp-image-93\" style=\"object-fit:cover;width:101px;height:101px\" srcset=\"https:\/\/www.pelinecoachsopk.com\/wp-content\/uploads\/2024\/12\/icone-bien.png 202w, https:\/\/www.pelinecoachsopk.com\/wp-content\/uploads\/2024\/12\/icone-bien-150x150.png 150w, https:\/\/www.pelinecoachsopk.com\/wp-content\/uploads\/2024\/12\/icone-bien-100x100.png 100w\" sizes=\"auto, (max-width: 202px) 100vw, 202px\" \/><\/figure>\n<\/div>\n\n\n\n<div class=\"wp-block-column is-layout-flow wp-block-column-is-layout-flow\" style=\"flex-basis:66.66%\">\n<p class=\"has-large-font-size\"><strong><strong><strong><strong>Sant\u00e9 mentale et bien \u00eatre g\u00e9n\u00e9ral<\/strong><\/strong><\/strong><\/strong><\/p>\n\n\n\n<p>Sais-tu que dans le cas du SOPK, la sant\u00e9 mentale est aussi importante que la sant\u00e9 physique? D&rsquo;ailleurs, on ne peut pas&nbsp;les s\u00e9parer. Les femmes atteintes de SOPK sont sept fois plus sujettes aux id\u00e9es noires et au suicide&nbsp;que le reste de la population. La sant\u00e9 mentale fait donc partie de la prise en charge du SOPK. Et le sport participe aussi \u00e0 ton bien-\u00eatre mental !<\/p>\n\n\n\n<p><\/p>\n<\/div>\n<\/div>\n\n\n\n<div class=\"wp-block-columns alignwide is-layout-flex wp-container-core-columns-is-layout-28f84493 wp-block-columns-is-layout-flex\">\n<div class=\"wp-block-column is-vertically-aligned-center is-layout-flow wp-block-column-is-layout-flow\" style=\"flex-basis:33.33%\">\n<figure class=\"wp-block-image aligncenter size-full is-resized\"><img loading=\"lazy\" decoding=\"async\" width=\"202\" height=\"202\" src=\"https:\/\/www.pelinecoachsopk.com\/wp-content\/uploads\/2024\/12\/periods-icon.png\" alt=\"\" class=\"wp-image-94\" style=\"object-fit:cover;width:101px;height:101px\" srcset=\"https:\/\/www.pelinecoachsopk.com\/wp-content\/uploads\/2024\/12\/periods-icon.png 202w, https:\/\/www.pelinecoachsopk.com\/wp-content\/uploads\/2024\/12\/periods-icon-150x150.png 150w, https:\/\/www.pelinecoachsopk.com\/wp-content\/uploads\/2024\/12\/periods-icon-100x100.png 100w\" sizes=\"auto, (max-width: 202px) 100vw, 202px\" \/><\/figure>\n<\/div>\n\n\n\n<div class=\"wp-block-column is-layout-flow wp-block-column-is-layout-flow\" style=\"flex-basis:66.66%\">\n<p class=\"has-large-font-size\"><strong><strong><strong><strong><strong><strong>Fertilit\u00e9, R\u00e8gles Irr\u00e9guli\u00e8res voire absentes<\/strong><\/strong><\/strong><\/strong><\/strong><\/strong><\/p>\n\n\n\n<p>En cas de SOPK, la fertilit\u00e9 peut diminuer \u00e9galement. Tu as un projet de b\u00e9b\u00e9? Tu veux avoir tes r\u00e8gles (r\u00e9guli\u00e8rement)? Une activit\u00e9 physique r\u00e9guli\u00e8re, sans parler de perte de poids, participe \u00e0 l&rsquo;am\u00e9lioration de la fertilit\u00e9.<\/p>\n\n\n\n<p><\/p>\n<\/div>\n<\/div>\n\n\n\n<div class=\"wp-block-columns alignwide is-layout-flex wp-container-core-columns-is-layout-28f84493 wp-block-columns-is-layout-flex\">\n<div class=\"wp-block-column is-vertically-aligned-center is-layout-flow wp-block-column-is-layout-flow\" style=\"flex-basis:33.33%\">\n<figure class=\"wp-block-image aligncenter size-full is-resized\"><img loading=\"lazy\" decoding=\"async\" width=\"202\" height=\"202\" src=\"https:\/\/www.pelinecoachsopk.com\/wp-content\/uploads\/2024\/12\/hair-icon.png\" alt=\"\" class=\"wp-image-95\" style=\"object-fit:cover;width:101px;height:101px\" srcset=\"https:\/\/www.pelinecoachsopk.com\/wp-content\/uploads\/2024\/12\/hair-icon.png 202w, https:\/\/www.pelinecoachsopk.com\/wp-content\/uploads\/2024\/12\/hair-icon-150x150.png 150w, https:\/\/www.pelinecoachsopk.com\/wp-content\/uploads\/2024\/12\/hair-icon-100x100.png 100w\" sizes=\"auto, (max-width: 202px) 100vw, 202px\" \/><\/figure>\n<\/div>\n\n\n\n<div class=\"wp-block-column is-layout-flow wp-block-column-is-layout-flow\" style=\"flex-basis:66.66%\">\n<p class=\"has-large-font-size\"><strong><strong><strong><strong><strong><strong><strong><strong>Pilosit\u00e9, Acn\u00e9, Chute de Cheveu<\/strong>x<\/strong><\/strong><\/strong><\/strong><\/strong><\/strong><\/strong><\/p>\n\n\n\n<p>Ce sont des sympt\u00f4mes difficiles \u00e0 accepter et qui rendent le quotidien insupportable. Cela a \u00e9galement un impact n\u00e9gatif sur l&rsquo;estime de soi. Tu es pr\u00eate \u00e0 booster ta confiance en soi gr\u00e2ce au sport?<\/p>\n\n\n\n<p><\/p>\n<\/div>\n<\/div>\n\n\n\n<div class=\"wp-block-columns alignwide is-layout-flex wp-container-core-columns-is-layout-28f84493 wp-block-columns-is-layout-flex\">\n<div class=\"wp-block-column is-vertically-aligned-center is-layout-flow wp-block-column-is-layout-flow\" style=\"flex-basis:33.33%\">\n<figure class=\"wp-block-image aligncenter size-full is-resized\"><img loading=\"lazy\" decoding=\"async\" width=\"202\" height=\"202\" src=\"https:\/\/www.pelinecoachsopk.com\/wp-content\/uploads\/2024\/12\/spor-icon.png\" alt=\"\" class=\"wp-image-96\" style=\"object-fit:cover;width:101px;height:101px\" srcset=\"https:\/\/www.pelinecoachsopk.com\/wp-content\/uploads\/2024\/12\/spor-icon.png 202w, https:\/\/www.pelinecoachsopk.com\/wp-content\/uploads\/2024\/12\/spor-icon-150x150.png 150w, https:\/\/www.pelinecoachsopk.com\/wp-content\/uploads\/2024\/12\/spor-icon-100x100.png 100w\" sizes=\"auto, (max-width: 202px) 100vw, 202px\" \/><\/figure>\n<\/div>\n\n\n\n<div class=\"wp-block-column is-layout-flow wp-block-column-is-layout-flow\" style=\"flex-basis:66.66%\">\n<p class=\"has-secondary-color has-text-color has-link-color has-large-font-size wp-elements-bbb9a8de2e0b5581cfd5305c54d08edd\"><strong><strong><strong><strong><strong><strong><strong><strong><strong><strong>Tu n&rsquo;es pas atteinte de SOPK ?&nbsp;<\/strong><\/strong><\/strong><\/strong><\/strong><\/strong><\/strong><\/strong><\/strong><\/strong><\/p>\n\n\n\n<p>Le sport va aussi t&rsquo;aider pour ta sant\u00e9 physique et mentale et booster ton estime de soi.&nbsp;Le sport, c&rsquo;est pour tout le monde. Pr\u00eate \u00e0 t&rsquo;occuper de toi avec des s\u00e9ances de sport uniques et con\u00e7ues sp\u00e9cialement pour toi ?<\/p>\n\n\n\n<p><\/p>\n<\/div>\n<\/div>\n\n\n\n<div style=\"height:30px\" aria-hidden=\"true\" class=\"wp-block-spacer\"><\/div>\n\n\n\n<div class=\"wp-block-buttons alignwide is-content-justification-center is-layout-flex wp-container-core-buttons-is-layout-a89b3969 wp-block-buttons-is-layout-flex\">\n<div class=\"wp-block-button\"><a class=\"wp-block-button__link has-primary-background-color has-background wp-element-button\" href=\"https:\/\/calendly.com\/pelinecoachsopk\/seance-d-essai\">C&rsquo;est parti !<\/a><\/div>\n<\/div>\n\n\n\n<div style=\"height:30px\" aria-hidden=\"true\" class=\"wp-block-spacer\"><\/div>\n\n\n\n<h3 class=\"wp-block-heading\"><strong>Comment \u00e7a marche?<\/strong><\/h3>\n\n\n\n<p><strong><br>1) R\u00e9servation de ta s\u00e9ance d&rsquo;essai en distanciel<\/strong><strong><br><\/strong>Tu r\u00e9serves le cr\u00e9neau qui te convient. Nous faisons un entretien lors duquel je t&rsquo;\u00e9coute. Je prends des notes sur ton parcours, tes probl\u00e9matiques, tes objectifs et tes envies.&nbsp;<\/p>\n\n\n\n<p><strong>2) Pr\u00e9paration de ton programme sur mesure<\/strong><br>Apr\u00e8s notre s\u00e9ance d&rsquo;essai, je te pr\u00e9pare un programme 100% unique et ludique en fonction de tout ce dont nous avons parl\u00e9. Ce sont des s\u00e9ances que tu peux faire \u00e0 la maison ou dans une salle de sport, avec ou sans mat\u00e9riel. Je m&rsquo;adapte \u00e0 toi!<\/p>\n\n\n\n<p><strong>3) Livraison de ton programme 100% sur mesure<\/strong><br>Je te livre ton programme semaine par semaine pour qu&rsquo;il \u00e9volue dans le temps et s&rsquo;adapte&nbsp;\u00e0 ton niveau et ton \u00e9volution. Tu re\u00e7ois les 2 s\u00e9ances de la semaine chaque lundi. <\/p>\n\n\n\n<p>Nous gardons le contact via des mini-consultations hebdomadaires o\u00f9 tu me fais des retours sur le programme et je le r\u00e9ajuste la semaine suivante!<\/p>\n\n\n\n<p>Tu t&rsquo;engages sur 6 mois afin d&rsquo;avoir le temps de r\u00e9colter les fruits de tes efforts!&nbsp;<\/p>\n\n\n\n<p>Soyons honn\u00eates, on n&rsquo;a jamais de r\u00e9sultats au bout d&rsquo;un mois surtout si on vise de vrais changements dans la dur\u00e9e !&nbsp;<\/p>\n\n\n\n<p>Si tu souhaites vraiment int\u00e9grer le sport dans ton quotidien et noter l&rsquo;am\u00e9lioration de tes sympt\u00f4mes, nous devons passer au moins 6 mois ensemble. Le but n&rsquo;est pas de perdre du poids en 15 jours pour reprendre le double ensuite !<\/p>\n\n\n\n<div style=\"height:30px\" aria-hidden=\"true\" class=\"wp-block-spacer\"><\/div>\n\n\n\n<div class=\"wp-block-columns is-layout-flex wp-container-core-columns-is-layout-28f84493 wp-block-columns-is-layout-flex\">\n<div class=\"wp-block-column is-layout-flow wp-block-column-is-layout-flow\">\n<h3 class=\"wp-block-heading\"><a href=\"https:\/\/www.pelinecoachsopk.com\/?page_id=77\" data-type=\"page\" data-id=\"77\">Qui suis-je ?<\/a><\/h3>\n<\/div>\n<\/div>\n\n\n\n<div class=\"wp-block-group is-nowrap is-layout-flex wp-container-core-group-is-layout-6c531013 wp-block-group-is-layout-flex\">\n<figure class=\"wp-block-image aligncenter size-large is-resized wp-duotone-16214f-fef6ed-4\"><a href=\"https:\/\/www.instagram.com\/pelinecoachsopk\/\"><img loading=\"lazy\" decoding=\"async\" width=\"1024\" height=\"1024\" src=\"https:\/\/www.pelinecoachsopk.com\/wp-content\/uploads\/2024\/12\/Instagram_icon-1024x1024.png\" alt=\"\" class=\"wp-image-97\" style=\"width:50px;height:auto\" srcset=\"https:\/\/www.pelinecoachsopk.com\/wp-content\/uploads\/2024\/12\/Instagram_icon-1024x1024.png 1024w, https:\/\/www.pelinecoachsopk.com\/wp-content\/uploads\/2024\/12\/Instagram_icon-300x300.png 300w, https:\/\/www.pelinecoachsopk.com\/wp-content\/uploads\/2024\/12\/Instagram_icon-150x150.png 150w, https:\/\/www.pelinecoachsopk.com\/wp-content\/uploads\/2024\/12\/Instagram_icon-768x768.png 768w, https:\/\/www.pelinecoachsopk.com\/wp-content\/uploads\/2024\/12\/Instagram_icon-600x600.png 600w, https:\/\/www.pelinecoachsopk.com\/wp-content\/uploads\/2024\/12\/Instagram_icon-100x100.png 100w, https:\/\/www.pelinecoachsopk.com\/wp-content\/uploads\/2024\/12\/Instagram_icon.png 1200w\" sizes=\"auto, (max-width: 1024px) 100vw, 1024px\" \/><\/a><\/figure>\n\n\n\n<p>Abonne-toi \u00e0 mon compte Instagram pour des conseils sur le sport et le SOPK<\/p>\n<\/div>\n\n\n\n<div style=\"height:30px\" aria-hidden=\"true\" class=\"wp-block-spacer\"><\/div>\n\n\n\n<p><strong>Prix<br><\/strong>C&rsquo;est une offre que j&rsquo;ai pr\u00e9par\u00e9e afin d&rsquo;aider autant de femmes que possible, sans barri\u00e8res li\u00e9es \u00e0 la distance g\u00e9ographique, tout se d\u00e9roulant en ligne.&nbsp;<\/p>\n\n\n\n<p>Je te demande 6 mois d&rsquo;engagement pour qu&rsquo;on ait vraiment le temps de cr\u00e9er de nouvelles habitudes, sachant qu&rsquo;en moyenne, une nouvelle habitude se cr\u00e9e en 2 ans, non pas en 21 jours !<\/p>\n\n\n\n<p><strong>Le programme inclut :<\/strong><br>2 s\u00e9ances par semaine pendant 24 semaines,<br>3 s\u00e9ances de bilan (45 minutes) avec moi au rythme de 2 mois.<\/p>\n\n\n\n<p>Le tarif jusqu&rsquo;au 31 janvier 2026 : <strong>6&#215;150\u20ac<\/strong>*<br><br>Les tarifs sont bas\u00e9s sur le\u00a0<strong>nombre\u00a0de semaine<\/strong>.\u00a0<\/p>\n\n\n\n<p>*<em><mark style=\"background-color:rgba(0, 0, 0, 0)\" class=\"has-inline-color has-secondary-color\">Les tarifs risquent de changer \u00e0 chaque fois qu&rsquo;il y a une mise \u00e0 jour dans mes offres. Puisque j&rsquo;ajoute souvent des nouveaut\u00e9s, les tarifs \u00e9voluent en fonction.<\/mark><\/em><\/p>\n\n\n\n<p><mark style=\"background-color:rgba(0, 0, 0, 0)\" class=\"has-inline-color has-secondary-color\"><strong>BONUS:<\/strong> <\/mark><\/p>\n\n\n\n<p>\u2611\ufe0f Acc\u00e8s au groupe whatsapp avec les coach\u00e9es actuelles et anciennes.<\/p>\n\n\n\n<p>\u2611\ufe0f&nbsp;Organisation des r\u00e9unions sur Google meet autour d&rsquo;une probl\u00e9matique pr\u00e9finie<\/p>\n\n\n\n<p>\u2611\ufe0f&nbsp;Documentation sur le comportement alimentaire et les TCA (Troubles du Comportement Alimentaire)<\/p>\n\n\n\n<p>\u2611\ufe0f&nbsp;S\u00e9ances douces comprenant la mobilit\u00e9 et l&rsquo;\u00e9tirement, fournies en compl\u00e9ment<br>\u2611\ufe0f&nbsp;Suivi hebdomaire pour r\u00e9ajuster le programme \u00e0 tout moment<br>\u2611\ufe0f&nbsp;Coach toujours pr\u00e9sente via&nbsp;Whatsapp<br>\u2611\ufe0f&nbsp;Enfin r\u00e9gularit\u00e9 du sport et l&rsquo;am\u00e9lioration des sympt\u00f4mes<\/p>\n\n\n\n<div class=\"wp-block-buttons is-content-justification-center is-layout-flex wp-container-core-buttons-is-layout-a89b3969 wp-block-buttons-is-layout-flex\">\n<div class=\"wp-block-button is-style-fill\"><a class=\"wp-block-button__link has-primary-background-color has-background wp-element-button\" href=\"https:\/\/calendly.com\/pelinecoachsopk\/seance-d-essai\">Je veux mieux vivre avec mon SOPK<\/a><\/div>\n<\/div>\n\n\n\n<div style=\"height:50px\" aria-hidden=\"true\" class=\"wp-block-spacer\"><\/div>\n\n\n\n<h2 class=\"wp-block-heading\"><strong>Je suis l\u00e0 pour t&rsquo;accompagner vers une vie plus sereine avec le SOPK<\/strong><\/h2>\n\n\n\n<div style=\"height:50px\" aria-hidden=\"true\" class=\"wp-block-spacer\"><\/div>\n\n\n\n<div class=\"wp-block-buttons is-content-justification-center is-layout-flex wp-container-core-buttons-is-layout-a89b3969 wp-block-buttons-is-layout-flex\">\n<div class=\"wp-block-button\"><a class=\"wp-block-button__link wp-element-button\" href=\"https:\/\/calendly.com\/pelinecoachsopk\/seance-d-essai\">Je r\u00e9serve ma s\u00e9ance d&rsquo;essai<\/a><\/div>\n<\/div>\n\n\n\n<p><\/p>\n","protected":false},"excerpt":{"rendered":"<p>Un programme de sport sur mesure, pour t&rsquo;aider \u00e0 mieux g\u00e9rer ton SOPK Tu es atteinte de SOPK? Tu veux enfin commencer \u00e0 vivre mieux avec ton SOPK ? &nbsp;\ud83d\udc49 Tu sais que l&rsquo;activit\u00e9 physique joue un r\u00f4le crucial dans la prise en charge du SOPK&nbsp;\ud83d\udc49 Tu ne sais pas par o\u00f9 commencer&nbsp;\ud83d\udc49 Tu n&rsquo;arrives [&hellip;]<\/p>\n","protected":false},"author":1,"featured_media":0,"parent":0,"menu_order":0,"comment_status":"closed","ping_status":"closed","template":"","meta":{"footnotes":""},"class_list":["post-88","page","type-page","status-publish","hentry"],"_links":{"self":[{"href":"https:\/\/www.pelinecoachsopk.com\/index.php?rest_route=\/wp\/v2\/pages\/88","targetHints":{"allow":["GET"]}}],"collection":[{"href":"https:\/\/www.pelinecoachsopk.com\/index.php?rest_route=\/wp\/v2\/pages"}],"about":[{"href":"https:\/\/www.pelinecoachsopk.com\/index.php?rest_route=\/wp\/v2\/types\/page"}],"author":[{"embeddable":true,"href":"https:\/\/www.pelinecoachsopk.com\/index.php?rest_route=\/wp\/v2\/users\/1"}],"replies":[{"embeddable":true,"href":"https:\/\/www.pelinecoachsopk.com\/index.php?rest_route=%2Fwp%2Fv2%2Fcomments&post=88"}],"version-history":[{"count":30,"href":"https:\/\/www.pelinecoachsopk.com\/index.php?rest_route=\/wp\/v2\/pages\/88\/revisions"}],"predecessor-version":[{"id":197,"href":"https:\/\/www.pelinecoachsopk.com\/index.php?rest_route=\/wp\/v2\/pages\/88\/revisions\/197"}],"wp:attachment":[{"href":"https:\/\/www.pelinecoachsopk.com\/index.php?rest_route=%2Fwp%2Fv2%2Fmedia&parent=88"}],"curies":[{"name":"wp","href":"https:\/\/api.w.org\/{rel}","templated":true}]}}